{"id":14473,"date":"2024-01-05T15:34:42","date_gmt":"2024-01-05T12:34:42","guid":{"rendered":"https:\/\/arkasline.com.tr\/en\/?page_id=14473"},"modified":"2025-09-22T16:32:18","modified_gmt":"2025-09-22T13:32:18","slug":"contact-line","status":"publish","type":"page","link":"https:\/\/arkasline.com.tr\/en\/contact-line\/","title":{"rendered":"Contact Line"},"content":{"rendered":"<section class=\"l-section wpb_row height_auto\" id=\"first\"><div class=\"l-section-h i-cf\"><div class=\"g-cols vc_row via_flex valign_top type_default stacking_default\"><div class=\"vc_col-sm-12 wpb_column vc_column_container\"><div class=\"vc_column-inner\"><div class=\"wpb_wrapper\"><div class=\"w-separator size_large\"><\/div><div class=\"wpb_text_column us_custom_6217dcc9\"><div class=\"wpb_wrapper\"><h1>Contact<\/h1>\n<\/div><\/div><div class=\"w-separator size_medium\"><\/div><div class=\"g-cols wpb_row via_flex valign_top type_default stacking_default\"><div class=\"vc_col-sm-6 wpb_column vc_column_container\"><div class=\"vc_column-inner\"><div class=\"wpb_wrapper\"><div class=\"w-iconbox iconpos_left style_default color_primary align_left icontype_img\"><div class=\"w-iconbox-icon\" style=\"font-size:50px;\"><img loading=\"lazy\" decoding=\"async\" width=\"672\" height=\"575\" src=\"https:\/\/arkasline.com.tr\/en\/wp-content\/uploads\/2021\/06\/contact-2.png\" class=\"attachment-full size-full\" alt=\"\" srcset=\"https:\/\/arkasline.com.tr\/en\/wp-content\/uploads\/2021\/06\/contact-2.png 672w, https:\/\/arkasline.com.tr\/en\/wp-content\/uploads\/2021\/06\/contact-2-300x257.png 300w, https:\/\/arkasline.com.tr\/en\/wp-content\/uploads\/2021\/06\/contact-2-467x400.png 467w, https:\/\/arkasline.com.tr\/en\/wp-content\/uploads\/2021\/06\/contact-2-24x21.png 24w, https:\/\/arkasline.com.tr\/en\/wp-content\/uploads\/2021\/06\/contact-2-36x31.png 36w, https:\/\/arkasline.com.tr\/en\/wp-content\/uploads\/2021\/06\/contact-2-48x41.png 48w\" sizes=\"auto, (max-width: 672px) 100vw, 672px\" \/><\/div><div class=\"w-iconbox-meta\"><h5 class=\"w-iconbox-title\">\u0130stanbul<\/h5><div class=\"w-iconbox-text\"><p>Tekfen Tower Esentepe Mah. B\u00fcy\u00fckdere Cad. No:209 \u015ei\u015fli 34394<br \/>\n\u0130stanbul \/ T\u00fcrkiye<br \/>\nTel: +90 (212) 318 00 00 Fax: +90 (212) 266 22 06<br \/>\n<a href=\"mailto:arkasist@arkasline.com.tr\/en\">arkasist@arkasline.com.tr\/en<\/a><\/p>\n<\/div><\/div><\/div><div class=\"w-btn-wrapper align_none\"><a class=\"w-btn us-btn-style_3 us_custom_32346973 icon_atleft\" target=\"_blank\" rel=\"nofollow\" href=\"https:\/\/maps.app.goo.gl\/uLobkLCNXgJfm6EV7\"><i class=\"fal fa-map-marker-alt\"><\/i><span class=\"w-btn-label\">GET DIRECTIONS<\/span><\/a><\/div><\/div><\/div><\/div><div class=\"vc_col-sm-6 wpb_column vc_column_container\"><div class=\"vc_column-inner\"><div class=\"wpb_wrapper\"><div class=\"w-iconbox iconpos_left style_default color_primary align_left icontype_img\"><div class=\"w-iconbox-icon\" style=\"font-size:50px;\"><img loading=\"lazy\" decoding=\"async\" width=\"672\" height=\"575\" src=\"https:\/\/arkasline.com.tr\/en\/wp-content\/uploads\/2021\/06\/contact-2.png\" class=\"attachment-full size-full\" alt=\"\" srcset=\"https:\/\/arkasline.com.tr\/en\/wp-content\/uploads\/2021\/06\/contact-2.png 672w, https:\/\/arkasline.com.tr\/en\/wp-content\/uploads\/2021\/06\/contact-2-300x257.png 300w, https:\/\/arkasline.com.tr\/en\/wp-content\/uploads\/2021\/06\/contact-2-467x400.png 467w, https:\/\/arkasline.com.tr\/en\/wp-content\/uploads\/2021\/06\/contact-2-24x21.png 24w, https:\/\/arkasline.com.tr\/en\/wp-content\/uploads\/2021\/06\/contact-2-36x31.png 36w, https:\/\/arkasline.com.tr\/en\/wp-content\/uploads\/2021\/06\/contact-2-48x41.png 48w\" sizes=\"auto, (max-width: 672px) 100vw, 672px\" \/><\/div><div class=\"w-iconbox-meta\"><h5 class=\"w-iconbox-title\">\u0130zmir<\/h5><div class=\"w-iconbox-text\"><p>Liman Caddesi Arkas Binas\u0131 No:38 Alsancak 35230<br \/>\n\u0130zmir \/ T\u00fcrkiye<br \/>\nTel: +90 (232) 477 77 77 Fax: +90 (232) 411 00 00 &#8211; 11<br \/>\n<a href=\"mailto:arkasizm@arkasline.com.tr\/en\">arkasizm@arkasline.com.tr\/en<\/a><\/p>\n<\/div><\/div><\/div><div class=\"w-btn-wrapper align_none\"><a class=\"w-btn us-btn-style_3 us_custom_32346973 icon_atleft\" target=\"_blank\" rel=\"nofollow\" href=\"https:\/\/goo.gl\/maps\/7Ru9ywsiDDBu88y16\"><i class=\"fal fa-map-marker-alt\"><\/i><span class=\"w-btn-label\">GET DIRECTIONS<\/span><\/a><\/div><\/div><\/div><\/div><\/div><div class=\"w-separator size_medium with_line width_default thick_1 style_solid color_border align_center\"><div class=\"w-separator-h\"><\/div><\/div><div class=\"g-cols wpb_row via_flex valign_top type_default stacking_default\"><div class=\"vc_col-sm-12 wpb_column vc_column_container us_animate_afl\"><div class=\"vc_column-inner\"><div class=\"wpb_wrapper\"><div class=\"wpb_text_column\"><div class=\"wpb_wrapper\"><div class=\"wpforms-container wpforms-container-full\" id=\"wpforms-17159\"><form id=\"wpforms-form-17159\" class=\"wpforms-validate wpforms-form\" data-formid=\"17159\" method=\"post\" enctype=\"multipart\/form-data\" action=\"\/en\/wp-json\/wp\/v2\/pages\/14473\"><noscript class=\"wpforms-error-noscript\">Bu formu bitirebilmek i\u00e7in taray\u0131c\u0131n\u0131zda JavaScript&#039;i etkinle\u015ftirin.<\/noscript><div class=\"wpforms-field-container\"><div id=\"wpforms-17159-field_8-container\" class=\"wpforms-field wpforms-field-text wpforms-one-half wpforms-first\" data-field-id=\"8\"><label class=\"wpforms-field-label\" for=\"wpforms-17159-field_8\">Name <span class=\"wpforms-required-label\">*<\/span><\/label><input type=\"text\" id=\"wpforms-17159-field_8\" class=\"wpforms-field-large wpforms-field-required\" name=\"wpforms[fields][8]\" required><\/div><div id=\"wpforms-17159-field_9-container\" class=\"wpforms-field wpforms-field-text wpforms-one-half\" data-field-id=\"9\"><label class=\"wpforms-field-label\" for=\"wpforms-17159-field_9\">Surname <span class=\"wpforms-required-label\">*<\/span><\/label><input type=\"text\" id=\"wpforms-17159-field_9\" class=\"wpforms-field-large wpforms-field-required\" name=\"wpforms[fields][9]\" required><\/div><div id=\"wpforms-17159-field_3-container\" class=\"wpforms-field wpforms-field-email wpforms-one-half wpforms-first\" data-field-id=\"3\"><label class=\"wpforms-field-label\" for=\"wpforms-17159-field_3\">E-mail <span class=\"wpforms-required-label\">*<\/span><\/label><input type=\"email\" id=\"wpforms-17159-field_3\" class=\"wpforms-field-large wpforms-field-required\" name=\"wpforms[fields][3]\" required><\/div><div id=\"wpforms-17159-field_11-container\" class=\"wpforms-field wpforms-field-select wpforms-one-half wpforms-conditional-trigger\" data-field-id=\"11\"><label class=\"wpforms-field-label\" for=\"wpforms-17159-field_11\">What is the subject of your message? <span class=\"wpforms-required-label\">*<\/span><\/label><select id=\"wpforms-17159-field_11\" class=\"wpforms-field-large wpforms-field-required\" name=\"wpforms[fields][11]\" required=\"required\"><option value=\"\" class=\"placeholder\" disabled  selected='selected'> <\/option><option value=\"Sustainability\" >Sustainability<\/option><option value=\"Human Resources\" >Human Resources<\/option><option value=\"Brand &amp; Corporate Communications\" >Brand &amp; Corporate Communications<\/option><option value=\"Sales\" >Sales<\/option><option value=\"Container Tracking \/ Operation\" >Container Tracking \/ Operation<\/option><option value=\"Vessels &amp; Equipment\" >Vessels &amp; Equipment<\/option><option value=\"Other\" >Other<\/option><\/select><\/div><div id=\"wpforms-17159-field_2-container\" class=\"wpforms-field wpforms-field-textarea wpforms-conditional-field wpforms-conditional-show\" data-field-id=\"2\" style=\"display:none;\"><label class=\"wpforms-field-label\" for=\"wpforms-17159-field_2\">Message <span class=\"wpforms-required-label\">*<\/span><\/label><textarea id=\"wpforms-17159-field_2\" class=\"wpforms-field-medium wpforms-field-required\" name=\"wpforms[fields][2]\" required><\/textarea><\/div><div id=\"wpforms-17159-field_5-container\" class=\"wpforms-field wpforms-field-checkbox kvkk-form-area\" data-field-id=\"5\"><label class=\"wpforms-field-label wpforms-label-hide\" for=\"wpforms-17159-field_5\">KVKK Onay <span class=\"wpforms-required-label\">*<\/span><\/label><ul id=\"wpforms-17159-field_5\" class=\"wpforms-field-required\"><li class=\"choice-1 depth-1\"><input type=\"checkbox\" id=\"wpforms-17159-field_5_1\" name=\"wpforms[fields][5][]\" value=\"I have read the Text of Obligation to Inform on the Protection and Processing of Personal Data and within this scope, I agree that my identity, communication, customer transaction and marketing data may be processed for the purpose of planning and carrying out advertising and marketing processes; for the purpose of customizing the products and services offered by Arkas Container Transport S.A. (Arkas Line) and its affiliates, Arkas Holding S.A. and its affiliates according to my preferences, interests and usage habits; and within this scope, I agree to send advertisements, promotions, campaigns and similar.\" required ><label class=\"wpforms-field-label-inline\" for=\"wpforms-17159-field_5_1\">I have read the Text of Obligation to Inform on the Protection and Processing of Personal Data and within this scope, I agree that my identity, communication, customer transaction and marketing data may be processed for the purpose of planning and carrying out advertising and marketing processes; for the purpose of customizing the products and services offered by Arkas Container Transport S.A. (Arkas Line) and its affiliates, Arkas Holding S.A. and its affiliates according to my preferences, interests and usage habits; and within this scope, I agree to send advertisements, promotions, campaigns and similar. <span class=\"wpforms-required-label\">*<\/span><\/label><\/li><\/ul><div class=\"wpforms-field-description wpforms-disclaimer-description\"><b>OBLIGATION TO INFORM (GENERAL USE)<\/b><br \/>\r\n<br \/>\r\n<b>DATA CONTROLLER: Arkas Container Transport S.A. (Arkas Line)<\/b><br \/>\r\n\t\t\tUmurbey Mah. Liman Cad. No:38\/1 Konak, \u0130zmir<br \/>\r\n<br \/>\r\n<b>Arkas Container Transport S.A. (Arkas Line) (Data Controller)<\/b>, processes, stores and protects your following personal data:<br \/>\r\n\u2022\t<b>Your Identification Information:<\/b> Name, surname, <br \/>\r\n\u2022\t<b>Contact Information:<\/b> Your address, telephone number, e-mail address, your registered electronic mail (REM) address if you have one. <br \/>\r\n\u2022\t<b>Customer Information:<\/b> Your requests and complaints, your preferences and habits regarding our products and services.  <br \/>\r\n\u2022\t<b>Transaction Security Information:<\/b> Your MAC address, your log records.<br \/>\r\nTherefore, as the Data Controller, we would like to inform you according to the Personal Data Protection Law (Law) no. 6698.<br \/>\r\n<br \/>\r\n<b>1. The Method of Collecting Personal Data and Legal Reason: <\/b><br \/>\r\n<br \/>\r\nYour personal data refers to \u201cany information related to an identified or identifiable natural person\" collected in electronic environment for the purposes stated in this obligation to inform.<br \/>\r\n<br \/>\r\nYour personal data is processed for the following legal reasons specified in Article 5 of the Law; \u201cclearly prescribed by law \", \"when the establishment of a contract or its performance is directly related to the processing of personal data belonging to the parties of the contract\", \"the necessity of personal data processing in order to fullfil the legal obligation of the data controller\", \"the establishment, use or protection of a right to process personal data\" and \" data processing is mandatory for the legitimate interests of the data controller, provided that it does not harm the fundamental rights and freedoms of data subject\". <br \/>\r\nIn the absence of at least one of the stated legal reasons, your explicit consent to the processing of your personal data will be prompted. You can find the cases where your explicit consent is prompted in the \"explicit consent form\".<br \/>\r\n<br \/>\r\n<b>2. Purposes of Processing Your Personal Data<\/b><br \/>\r\n<br \/>\r\nYour personal data collected will be processed for the purpose of;<br \/>\r\n\t<br \/>\r\nExecution of information security processes, <br \/>\r\nExecution of Auditing\/Ethical Activities, <br \/>\r\nExecution of Access Rights, <br \/>\r\nConducting Activities in Accordance with the Legislation, <br \/>\r\nExecution of Loyalty Processes to Companies\/Products\/Services,<br \/>\r\nEnsuring Physical Security, <br \/>\r\nExecution of Assignment Processes, <br \/>\r\nMonitoring and Execution of Legal Affairs, <br \/>\r\nExecution of Internal Audit\/Investigation\/Intelligence Activities, <br \/>\r\nConducting Communication Activities <br \/>\r\nExecution \/ Audit of Business Activities <br \/>\r\nConducting Occupational Health \/ Work Safety Activities <br \/>\r\nTaking and Evaluating Suggestions for Improvement of Business Processes <br \/>\r\nConducting Business Continuity Activities <br \/>\r\nConducting Logistics Activities <br \/>\r\nExecution of the Procurement Process of Goods\/Services <br \/>\r\nExecution of After Sales Support Services <br \/>\r\nExecution of Sales of Goods \/ Services <br \/>\r\nExecution of Production and Operation Processes of Goods\/Services <br \/>\r\nExecution of Customer Relationship Management Processes <br \/>\r\nConducting Customer Satisfaction Activities <br \/>\r\nOrganization and Event Management <br \/>\r\nConducting Marketing Analysis Processes <br \/>\r\nConducting Advertising\/Campaign\/Promotion Processes <br \/>\r\nExecution of Risk Management Processes <br \/>\r\nCustody and Archive Activities <br \/>\r\nSocial Responsibility and Civil Society Activities <br \/>\r\nConduct of Contract Processes <br \/>\r\nConducting Strategic Planning Activities <br \/>\r\nTracking of Requests\/Complaints <br \/>\r\nConducting Marketing Processes of Products \/ Services <br \/>\r\nEnsuring the Security of Data Controller's Operations <br \/>\r\nInforming Authorized Persons, Institutions and Organizations <br \/>\r\nExecution of Management Activities <br \/>\r\nCreating and Tracking Visitor Records<br \/>\r\n<br \/>\r\nHowever, if you consent to our processing of your personal data, your data will also be processed for the purpose of customizing your personal data, products and services in line with your needs and requests,  measuring your satisfaction with the products and services, developing, diversifying our products and services based on your requests and needs, promoting and providing information regarding the activities of the company and its affiliates, conducting marketing analysis studies, conducting personalized campaigns, advertisements, promotional activities.<br \/>\r\n<br \/>\r\n<b>3. Transfer of Personal Data:<\/b><br \/>\r\n<br \/>\r\nYour personal data collected in accordance with the Law and the articles above are transferred to our local and international business partners and suppliers, computing infrastructures, cloud computing services, to the Data Controller business partners, legally competent and responsible public institutions, organizations and persons in accordance with the basic principles stipulated by the Law and within the scope of the personal data processing conditions and purposes specified in Articles 8 and 9 of the Law and for the purposes set out above. <br \/>\r\n<br \/>\r\n<b>4. Your Rights as the Personal Data Owner<\/b><br \/>\r\n<br \/>\r\nAs a data owner, you may send your requests, within the scope of Article 11 of the Law regulating the rights of the data subject, to the address of data controller\u2019s in written form with a handwritten signing according to \u201cCommuniqu\u00e9 on Application Procedures and Principles to the Data Controller\u201d. You may also send an electronically signed e-mail to arkaskonteynertasimacilik@hs03.kep.tr, and if you have previously sent an e-mail to us, you may send another e-mail kvkkirtibat@arkasline.com.tr\/en by using the same e-mail address and you may contact the data controller or the data controller\u2019s contact person via other methods stated in the Communiqu\u00e9.<br \/>\r\n<br \/>\r\nThe Data Controller shall conclude your request as soon as possible and within at the latest 30 (thirty) days as of the date of notification according to the nature of your request. If you want to receive detailed information about the processing of your personal data, you may check out following link www.arkasline.com.tr\/en<br \/>\r\n<\/div><\/div><\/div><div class=\"wpforms-field wpforms-field-hp\"><label for=\"wpforms-17159-field-hp\" class=\"wpforms-field-label\">Phone<\/label><input type=\"text\" name=\"wpforms[hp]\" id=\"wpforms-17159-field-hp\" class=\"wpforms-field-medium\"><\/div><div class=\"wpforms-submit-container\" ><input type=\"hidden\" name=\"wpforms[id]\" value=\"17159\"><input type=\"hidden\" name=\"wpforms[author]\" value=\"1\"><button type=\"submit\" name=\"wpforms[submit]\" class=\"wpforms-submit button-ekform\" id=\"wpforms-submit-17159\" value=\"wpforms-submit\" aria-live=\"assertive\" data-alt-text=\"Sending...\" data-submit-text=\"SEND\">SEND<\/button><\/div><\/form><\/div>  <!-- .wpforms-container --><div><\/div>\n<\/div><\/div><\/div><\/div><\/div><\/div><div class=\"w-separator size_huge\"><\/div><\/div><\/div><\/div><\/div><\/div><\/section>\n","protected":false},"excerpt":{"rendered":"Contact \u0130stanbulTekfen Tower Esentepe Mah. B\u00fcy\u00fckdere Cad. No:209 \u015ei\u015fli 34394 \u0130stanbul \/ T\u00fcrkiye Tel: +90 (212) 318 00 00 Fax: +90 (212) 266 22 06 arkasist@arkasline.com.tr\/en GET DIRECTIONS\u0130zmirLiman Caddesi Arkas Binas\u0131 No:38 Alsancak 35230 \u0130zmir \/ T\u00fcrkiye Tel: +90 (232) 477 77 77 Fax: +90 (232) 411 00 00 - 11 arkasizm@arkasline.com.tr\/en GET DIRECTIONSBu formu...","protected":false},"author":1,"featured_media":0,"parent":0,"menu_order":0,"comment_status":"closed","ping_status":"closed","template":"","meta":{"_acf_changed":false,"footnotes":""},"class_list":["post-14473","page","type-page","status-publish","hentry"],"acf":[],"_links":{"self":[{"href":"https:\/\/arkasline.com.tr\/en\/wp-json\/wp\/v2\/pages\/14473","targetHints":{"allow":["GET"]}}],"collection":[{"href":"https:\/\/arkasline.com.tr\/en\/wp-json\/wp\/v2\/pages"}],"about":[{"href":"https:\/\/arkasline.com.tr\/en\/wp-json\/wp\/v2\/types\/page"}],"author":[{"embeddable":true,"href":"https:\/\/arkasline.com.tr\/en\/wp-json\/wp\/v2\/users\/1"}],"replies":[{"embeddable":true,"href":"https:\/\/arkasline.com.tr\/en\/wp-json\/wp\/v2\/comments?post=14473"}],"version-history":[{"count":25,"href":"https:\/\/arkasline.com.tr\/en\/wp-json\/wp\/v2\/pages\/14473\/revisions"}],"predecessor-version":[{"id":17830,"href":"https:\/\/arkasline.com.tr\/en\/wp-json\/wp\/v2\/pages\/14473\/revisions\/17830"}],"wp:attachment":[{"href":"https:\/\/arkasline.com.tr\/en\/wp-json\/wp\/v2\/media?parent=14473"}],"curies":[{"name":"wp","href":"https:\/\/api.w.org\/{rel}","templated":true}]}}